{"id":2876,"date":"2016-09-20T16:10:21","date_gmt":"2016-09-20T16:10:21","guid":{"rendered":"http:\/\/dentalia.orionthemes.com\/demo-1\/?page_id=8"},"modified":"2023-07-29T13:59:00","modified_gmt":"2023-07-29T13:59:00","slug":"contact","status":"publish","type":"page","link":"https:\/\/lasne.dental\/?page_id=2876","title":{"rendered":"Rendez-vous"},"content":{"rendered":"<div id=\"pl-2876\"  class=\"panel-layout\" ><div id=\"pg-2876-0\"  class=\"panel-grid panel-has-style\" ><div class=\"siteorigin-panels-stretch orion-separator bottom-svg-1 bottom-svg-inside divider-notresponsive divider-no-animation tablet-default mobile-1-in-row desktop-default custom panel-row-style panel-row-style-for-2876-0\" data-stretch-type=\"full-stretched\" ><div id=\"pgc-2876-0-0\"  class=\"panel-grid-cell\" ><div id=\"panel-2876-0-0-0\" class=\"so-panel widget widget_sow-google-map panel-first-child panel-last-child\" data-index=\"0\" ><div class=\"orion custom default panel-widget-style panel-widget-style-for-2876-0-0-0\" ><div\n\t\t\t\n\t\t\tclass=\"so-widget-sow-google-map so-widget-sow-google-map-default-a36d1f945f5e-2876\"\n\t\t\t\n\t\t>\n<div class=\"sow-google-map-canvas\"\n\tstyle=\"\"\n\tid=\"map-canvas-e4aaef7c3afe7a207f33a4e6dcd98217\"\n\tdata-options=\"{&quot;address&quot;:&quot;50.6802114, 4.477595499999999&quot;,&quot;zoom&quot;:14,&quot;mobileZoom&quot;:14,&quot;gestureHandling&quot;:&quot;auto&quot;,&quot;disableUi&quot;:true,&quot;keepCentered&quot;:true,&quot;markerIcon&quot;:&quot;&quot;,&quot;markersDraggable&quot;:false,&quot;markerAtCenter&quot;:true,&quot;markerInfoDisplay&quot;:&quot;always&quot;,&quot;markerInfoMultiple&quot;:false,&quot;markerPositions&quot;:&quot;&quot;,&quot;mapName&quot;:&quot;Custom Map&quot;,&quot;mapStyles&quot;:[{&quot;featureType&quot;:&quot;water&quot;,&quot;elementType&quot;:&quot;geometry&quot;,&quot;stylers&quot;:[{&quot;color&quot;:&quot;#e9e9e9&quot;},{&quot;lightness&quot;:17}]},{&quot;featureType&quot;:&quot;landscape&quot;,&quot;elementType&quot;:&quot;geometry&quot;,&quot;stylers&quot;:[{&quot;color&quot;:&quot;#f5f5f5&quot;},{&quot;lightness&quot;:20}]},{&quot;featureType&quot;:&quot;road.highway&quot;,&quot;elementType&quot;:&quot;geometry.fill&quot;,&quot;stylers&quot;:[{&quot;color&quot;:&quot;#ffffff&quot;},{&quot;lightness&quot;:17}]},{&quot;featureType&quot;:&quot;road.highway&quot;,&quot;elementType&quot;:&quot;geometry.stroke&quot;,&quot;stylers&quot;:[{&quot;color&quot;:&quot;#ffffff&quot;},{&quot;lightness&quot;:29},{&quot;weight&quot;:0.2}]},{&quot;featureType&quot;:&quot;road.arterial&quot;,&quot;elementType&quot;:&quot;geometry&quot;,&quot;stylers&quot;:[{&quot;color&quot;:&quot;#ffffff&quot;},{&quot;lightness&quot;:18}]},{&quot;featureType&quot;:&quot;road.local&quot;,&quot;elementType&quot;:&quot;geometry&quot;,&quot;stylers&quot;:[{&quot;color&quot;:&quot;#ffffff&quot;},{&quot;lightness&quot;:16}]},{&quot;featureType&quot;:&quot;poi&quot;,&quot;elementType&quot;:&quot;geometry&quot;,&quot;stylers&quot;:[{&quot;color&quot;:&quot;#f5f5f5&quot;},{&quot;lightness&quot;:21}]},{&quot;featureType&quot;:&quot;poi.park&quot;,&quot;elementType&quot;:&quot;geometry&quot;,&quot;stylers&quot;:[{&quot;color&quot;:&quot;#dedede&quot;},{&quot;lightness&quot;:21}]},{&quot;elementType&quot;:&quot;labels.text.stroke&quot;,&quot;stylers&quot;:[{&quot;visibility&quot;:&quot;on&quot;},{&quot;color&quot;:&quot;#ffffff&quot;},{&quot;lightness&quot;:16}]},{&quot;elementType&quot;:&quot;labels.text.fill&quot;,&quot;stylers&quot;:[{&quot;saturation&quot;:36},{&quot;color&quot;:&quot;#333333&quot;},{&quot;lightness&quot;:40}]},{&quot;elementType&quot;:&quot;labels.icon&quot;,&quot;stylers&quot;:[{&quot;visibility&quot;:&quot;off&quot;}]},{&quot;featureType&quot;:&quot;transit&quot;,&quot;elementType&quot;:&quot;geometry&quot;,&quot;stylers&quot;:[{&quot;color&quot;:&quot;#f2f2f2&quot;},{&quot;lightness&quot;:19}]},{&quot;featureType&quot;:&quot;administrative&quot;,&quot;elementType&quot;:&quot;geometry.fill&quot;,&quot;stylers&quot;:[{&quot;color&quot;:&quot;#fefefe&quot;},{&quot;lightness&quot;:20}]},{&quot;featureType&quot;:&quot;administrative&quot;,&quot;elementType&quot;:&quot;geometry.stroke&quot;,&quot;stylers&quot;:[{&quot;color&quot;:&quot;#fefefe&quot;},{&quot;lightness&quot;:17},{&quot;weight&quot;:1.2}]}],&quot;directions&quot;:&quot;&quot;,&quot;apiKey&quot;:&quot;AIzaSyA2oOjwgaeLKjsNItXc2odXBjOyxVnd-UE&quot;,&quot;breakpoint&quot;:780}\"\n\tdata-fallback-image=\"{&quot;img&quot;:&quot;&quot;}\"><\/div>\n<\/div><\/div><\/div><\/div><\/div><\/div><div id=\"pg-2876-1\"  class=\"panel-grid panel-has-style\" ><div class=\"siteorigin-panels-stretch divider-no-animation tablet-default mobile-1-in-row desktop-default overlay-light custom panel-row-style panel-row-style-for-2876-1\" data-stretch-type=\"full\" data-svg-bottom-color=\"#ffffff\" ><div id=\"pgc-2876-1-0\"  class=\"panel-grid-cell panel-grid-cell-empty\" ><\/div><div id=\"pgc-2876-1-1\"  class=\"panel-grid-cell panel-grid-cell-mobile-last\" ><div id=\"panel-2876-1-1-0\" class=\"so-panel widget widget_orion_heading_w panel-first-child\" data-index=\"1\" ><div class=\"orion custom default panel-widget-style panel-widget-style-for-2876-1-1-0\" ><div\n\t\t\t\n\t\t\tclass=\"so-widget-orion_heading_w so-widget-orion_heading_w-base\"\n\t\t\t\n\t\t> \r\n\t\t\t<div class=\"row orion-heading\" style=\"margin-bottom:0px;\">\r\n\t\t<div class=\"col-md-12  separator-style-1 text-center style-h6 style-primary-color\">\r\n\t\t\t<h6 class=\"primary-color\">\r\n\t\t\t\tCONTACTEZ NOUS\t\t\t<\/h6>\r\n\t\t<\/div>\r\n\t<\/div>\r\n\r\n\t<\/div><\/div><\/div><div id=\"panel-2876-1-1-1\" class=\"so-panel widget widget_orion_heading_w\" data-index=\"2\" ><div class=\"orion custom default panel-widget-style panel-widget-style-for-2876-1-1-1\" ><div\n\t\t\t\n\t\t\tclass=\"so-widget-orion_heading_w so-widget-orion_heading_w-base\"\n\t\t\t\n\t\t> \r\n\t\t\t<div class=\"row orion-heading\" style=\"margin-bottom:0px;\">\r\n\t\t<div class=\"col-md-12   text-center style-h2 style-text-dark\">\r\n\t\t\t<h2 class=\"text-dark\">\r\n\t\t\t\tDemandez un Rendez-Vous En Ligne\t\t\t<\/h2>\r\n\t\t<\/div>\r\n\t<\/div>\r\n\r\n\t<\/div><\/div><\/div><div id=\"panel-2876-1-1-2\" class=\"so-panel widget widget_sow-editor\" data-index=\"3\" ><div class=\"orion custom default panel-widget-style panel-widget-style-for-2876-1-1-2\" ><div\n\t\t\t\n\t\t\tclass=\"so-widget-sow-editor so-widget-sow-editor-base\"\n\t\t\t\n\t\t>\n<div class=\"siteorigin-widget-tinymce textwidget\">\n\t<p class=\"lead\" style=\"text-align: center;\">Introduisez vos donn\u00e9es, et nous vous contactons pour fixer un rendez-vous avec un de nos dentistes.<\/p>\n<\/div>\n<\/div><\/div><\/div><div id=\"panel-2876-1-1-3\" class=\"so-panel widget widget_orion_cf7_w panel-last-child\" data-index=\"4\" ><div class=\"orion default panel-widget-style panel-widget-style-for-2876-1-1-3\" ><div\n\t\t\t\n\t\t\tclass=\"so-widget-orion_cf7_w so-widget-orion_cf7_w-base\"\n\t\t\t\n\t\t>\n<div class=\"wpcf7 no-js\" id=\"wpcf7-f471-o1\" lang=\"en-US\" dir=\"ltr\">\n<div class=\"screen-reader-response\"><p role=\"status\" aria-live=\"polite\" aria-atomic=\"true\"><\/p> <ul><\/ul><\/div>\n<form action=\"\/index.php?rest_route=%2Fwp%2Fv2%2Fpages%2F2876#wpcf7-f471-o1\" method=\"post\" class=\"wpcf7-form init\" aria-label=\"Contact form\" novalidate=\"novalidate\" data-status=\"init\">\n<div style=\"display: none;\">\n<input type=\"hidden\" name=\"_wpcf7\" value=\"471\" \/>\n<input type=\"hidden\" name=\"_wpcf7_version\" value=\"5.7.7\" \/>\n<input type=\"hidden\" name=\"_wpcf7_locale\" value=\"en_US\" \/>\n<input type=\"hidden\" name=\"_wpcf7_unit_tag\" value=\"wpcf7-f471-o1\" \/>\n<input type=\"hidden\" name=\"_wpcf7_container_post\" value=\"0\" \/>\n<input type=\"hidden\" name=\"_wpcf7_posted_data_hash\" value=\"\" \/>\n<input type=\"hidden\" name=\"_wpcf7_recaptcha_response\" value=\"\" \/>\n<\/div>\n<div class=\"cf7-form row\">\n\t<div class=\"col-md-6 name\">\n\t\t<p><span class=\"wpcf7-form-control-wrap\" data-name=\"text-name\"><input size=\"40\" class=\"wpcf7-form-control wpcf7-text wpcf7-validates-as-required\" aria-required=\"true\" aria-invalid=\"false\" placeholder=\"Nom\" value=\"\" type=\"text\" name=\"text-name\" \/><\/span>\n\t\t<\/p>\n\t<\/div>\n\t<div class=\"col-md-6 name\">\n\t\t<p><span class=\"wpcf7-form-control-wrap\" data-name=\"text-last-name\"><input size=\"40\" class=\"wpcf7-form-control wpcf7-text wpcf7-validates-as-required\" aria-required=\"true\" aria-invalid=\"false\" placeholder=\"Pr\u00e9nom\" value=\"\" type=\"text\" name=\"text-last-name\" \/><\/span>\n\t\t<\/p>\n\t<\/div>\n\t<div class=\"col-md-6 phone\">\n\t\t<p><span class=\"wpcf7-form-control-wrap\" data-name=\"text-phone\"><input size=\"40\" class=\"wpcf7-form-control wpcf7-text wpcf7-validates-as-required\" aria-required=\"true\" aria-invalid=\"false\" placeholder=\"Num\u00e9ro de t\u00e9l\u00e9phone\" value=\"\" type=\"text\" name=\"text-phone\" \/><\/span>\n\t\t<\/p>\n\t<\/div>\n\t<div class=\"col-md-6 email\">\n\t\t<p><span class=\"wpcf7-form-control-wrap\" data-name=\"email-777\"><input size=\"40\" class=\"wpcf7-form-control wpcf7-text wpcf7-email wpcf7-validates-as-required wpcf7-validates-as-email\" aria-required=\"true\" aria-invalid=\"false\" placeholder=\"E-mail\" value=\"\" type=\"email\" name=\"email-777\" \/><\/span>\n\t\t<\/p>\n\t<\/div>\n\t<div class=\"col-md-12 select\">\n\t\t<p><span class=\"wpcf7-form-control-wrap\" data-name=\"menu-reason\"><select class=\"wpcf7-form-control wpcf7-select form-control\" aria-invalid=\"false\" name=\"menu-reason\"><option value=\"Service\">Service<\/option><option value=\"Dentisterie G\u00e9n\u00e9rale\">Dentisterie G\u00e9n\u00e9rale<\/option><option value=\"Implant Dentaire\">Implant Dentaire<\/option><option value=\"Proth\u00e8se Dentaire\">Proth\u00e8se Dentaire<\/option><option value=\"Endodontie\">Endodontie<\/option><option value=\"Traitement Des Caries\">Traitement Des Caries<\/option><option value=\"Soin Des Gencives\">Soin Des Gencives<\/option><option value=\"Blanchiment Dentaire\">Blanchiment Dentaire<\/option><option value=\"Radiographie\">Radiographie<\/option><option value=\"Pr\u00e9vention\">Pr\u00e9vention<\/option><\/select><\/span>\n\t\t<\/p>\n\t<\/div>\n\t<div class=\"col-md-6 date\">\n\t\t<p><span class=\"wpcf7-form-control-wrap\" data-name=\"date-667\"><input class=\"wpcf7-form-control wpcf7-date wpcf7-validates-as-date\" aria-invalid=\"false\" value=\"\" type=\"date\" name=\"date-667\" \/><\/span>\n\t\t<\/p>\n\t<\/div>\n\t<div class=\"col-md-12\">\n\t\t<p><span class=\"wpcf7-form-control-wrap\" data-name=\"textarea-notes\"><textarea cols=\"40\" rows=\"10\" class=\"wpcf7-form-control wpcf7-textarea\" aria-invalid=\"false\" placeholder=\"Notes pour le docteur\" name=\"textarea-notes\"><\/textarea><\/span>\n\t\t<\/p>\n\t<\/div>\n\n\t<div class=\"col-md-12 text-center\">\n\t\t<p><input class=\"wpcf7-form-control has-spinner wpcf7-submit btn btn-c1 btn-lg\" type=\"submit\" value=\"Demander un rendez-vous\" \/>\n\t\t<\/p>\n\t<\/div>\n<\/div><div class=\"wpcf7-response-output\" aria-hidden=\"true\"><\/div>\n<\/form>\n<\/div>\n<\/div><\/div><\/div><\/div><div id=\"pgc-2876-1-2\"  class=\"panel-grid-cell panel-grid-cell-empty\" ><\/div><\/div><\/div><div id=\"pg-2876-2\"  class=\"panel-grid panel-has-style\" ><div class=\"vertical_down orion-parallax siteorigin-panels-stretch orion-separator top-svg-4 top-svg-inside divider-no-animation tablet-default mobile-1-in-row desktop-default text-light overlay-c2 custom panel-row-style panel-row-style-for-2876-2\" data-stretch-type=\"full\" ><div id=\"pgc-2876-2-0\"  class=\"panel-grid-cell\" ><div id=\"panel-2876-2-0-0\" class=\"so-panel widget widget_sow-editor panel-first-child panel-last-child\" data-index=\"5\" ><div class=\"orion custom mobile-text-center default panel-widget-style panel-widget-style-for-2876-2-0-0\" ><div\n\t\t\t\n\t\t\tclass=\"so-widget-sow-editor so-widget-sow-editor-base\"\n\t\t\t\n\t\t>\n<div class=\"siteorigin-widget-tinymce textwidget\">\n\t<\/div>\n<\/div><\/div><\/div><\/div><div id=\"pgc-2876-2-1\"  class=\"panel-grid-cell\" ><div id=\"panel-2876-2-1-0\" class=\"so-panel widget widget_orion_upload_w panel-first-child panel-last-child\" data-index=\"6\" ><div class=\"orion default panel-widget-style panel-widget-style-for-2876-2-1-0\" ><div\n\t\t\t\n\t\t\tclass=\"so-widget-orion_upload_w so-widget-orion_upload_w-base\"\n\t\t\t\n\t\t><div class=\"row button-wrap\">\r\n\t\r\n\t\r\n\t\t\t\t<div class=\"col-md-12\">\t\t\r\n\t\t\t<a class=\"btn-download icon-right btn btn-white btn-wire\" href=\"\" download=\"\">\r\n\t\t\t\t\tOffice Policy\t\t\t\t\t\t\t\t\t\t\t<span class=\"orionicon orionicon-icon_cloud-download_alt\"><\/span>\r\n\t\t\t\t\t\t\t\t\t\t<span class=\"orionicon orionicon-icon_check btn-visited\"><\/span>\r\n\t\t\t<\/a>\r\n\t\t<\/div>\r\n\t\r\n\t\t\t\t<div class=\"col-md-12\">\t\t\r\n\t\t\t<a class=\"btn-download icon-right btn btn-white btn-wire\" href=\"\" download=\"\">\r\n\t\t\t\t\tInsurance Form\t\t\t\t\t\t\t\t\t\t\t<span class=\"orionicon orionicon-icon_cloud-download_alt\"><\/span>\r\n\t\t\t\t\t\t\t\t\t\t<span class=\"orionicon orionicon-icon_check btn-visited\"><\/span>\r\n\t\t\t<\/a>\r\n\t\t<\/div>\r\n\t\r\n<\/div><\/div><\/div><\/div><\/div><\/div><\/div><\/div>","protected":false},"excerpt":{"rendered":"<p>Introduisez vos donn\u00e9es, et nous vous contactons pour fixer un rendez-vous avec un de nos dentistes.<\/p>\n","protected":false},"author":1,"featured_media":0,"parent":0,"menu_order":0,"comment_status":"closed","ping_status":"closed","template":"","meta":{"footnotes":""},"class_list":["post-2876","page","type-page","status-publish","hentry"],"_links":{"self":[{"href":"https:\/\/lasne.dental\/index.php?rest_route=\/wp\/v2\/pages\/2876","targetHints":{"allow":["GET"]}}],"collection":[{"href":"https:\/\/lasne.dental\/index.php?rest_route=\/wp\/v2\/pages"}],"about":[{"href":"https:\/\/lasne.dental\/index.php?rest_route=\/wp\/v2\/types\/page"}],"author":[{"embeddable":true,"href":"https:\/\/lasne.dental\/index.php?rest_route=\/wp\/v2\/users\/1"}],"replies":[{"embeddable":true,"href":"https:\/\/lasne.dental\/index.php?rest_route=%2Fwp%2Fv2%2Fcomments&post=2876"}],"version-history":[{"count":27,"href":"https:\/\/lasne.dental\/index.php?rest_route=\/wp\/v2\/pages\/2876\/revisions"}],"predecessor-version":[{"id":2992,"href":"https:\/\/lasne.dental\/index.php?rest_route=\/wp\/v2\/pages\/2876\/revisions\/2992"}],"wp:attachment":[{"href":"https:\/\/lasne.dental\/index.php?rest_route=%2Fwp%2Fv2%2Fmedia&parent=2876"}],"curies":[{"name":"wp","href":"https:\/\/api.w.org\/{rel}","templated":true}]}}